{"id":38,"date":"2021-09-08T09:07:45","date_gmt":"2021-09-08T09:07:45","guid":{"rendered":"http:\/\/truehats.at\/?page_id=38"},"modified":"2023-01-12T15:17:14","modified_gmt":"2023-01-12T15:17:14","slug":"arbeit","status":"publish","type":"page","link":"https:\/\/truehats.at\/?page_id=38","title":{"rendered":"ARBEIT"},"content":{"rendered":"<p>[et_pb_section fb_built=&#8220;1&#8243; _builder_version=&#8220;4.9.2&#8243; _module_preset=&#8220;default&#8220; background_image=&#8220;http:\/\/truehats.at\/wp-content\/uploads\/2022\/12\/DSC_8385.jpg&#8220; min_height=&#8220;711px&#8220;][et_pb_row _builder_version=&#8220;4.9.2&#8243; _module_preset=&#8220;default&#8220;][et_pb_column type=&#8220;4_4&#8243; _builder_version=&#8220;4.9.2&#8243; _module_preset=&#8220;default&#8220;][et_pb_text _builder_version=&#8220;4.9.2&#8243; _module_preset=&#8220;default&#8220; header_text_color=&#8220;#FFFFFF&#8220; header_font_size=&#8220;53px&#8220; header_2_text_color=&#8220;#FFFFFF&#8220; header_2_font_size=&#8220;25px&#8220; use_background_color_gradient=&#8220;on&#8220; background_color_gradient_start=&#8220;rgba(0,0,0,0.51)&#8220; background_color_gradient_end=&#8220;rgba(0,0,0,0.51)&#8220; custom_margin=&#8220;183px||||false|false&#8220;]<\/p>\n<h1 style=\"text-align: center;\">Meine Arbeit<\/h1>\n<h2 style=\"text-align: center;\">Willkommen in meiner Werkstatt<\/h2>\n<p>[\/et_pb_text][\/et_pb_column][\/et_pb_row][\/et_pb_section][et_pb_section fb_built=&#8220;1&#8243; _builder_version=&#8220;4.9.2&#8243; _module_preset=&#8220;default&#8220;][et_pb_row column_structure=&#8220;1_2,1_2&#8243; _builder_version=&#8220;4.9.2&#8243; _module_preset=&#8220;default&#8220;][et_pb_column type=&#8220;1_2&#8243; _builder_version=&#8220;4.9.2&#8243; _module_preset=&#8220;default&#8220;][et_pb_image src=&#8220;http:\/\/truehats.at\/wp-content\/uploads\/2022\/12\/DSC_8486.jpg&#8220; title_text=&#8220;DSC_8486&#8243; _builder_version=&#8220;4.9.2&#8243; _module_preset=&#8220;default&#8220;][\/et_pb_image][\/et_pb_column][et_pb_column type=&#8220;1_2&#8243; _builder_version=&#8220;4.9.2&#8243; _module_preset=&#8220;default&#8220;][et_pb_text _builder_version=&#8220;4.9.2&#8243; _module_preset=&#8220;default&#8220; header_2_text_align=&#8220;left&#8220; header_2_font_size=&#8220;57px&#8220;]<\/p>\n<h2>Jedem Topf seinen Deckel. Jedem Hut seine Form.<\/h2>\n<p>&nbsp;<\/p>\n<p>F\u00fcr meine H\u00fcte werden ausschlie\u00dflich historische Holzformen verwendet, die das Handwerk auch widerspiegeln.<\/p>\n<p>[\/et_pb_text][et_pb_number_counter title=&#8220;Hutformen im Atelier&#8220; number=&#8220;152&#8243; percent_sign=&#8220;off&#8220; _builder_version=&#8220;4.9.2&#8243; _module_preset=&#8220;default&#8220;][\/et_pb_number_counter][\/et_pb_column][\/et_pb_row][et_pb_row column_structure=&#8220;1_2,1_2&#8243; _builder_version=&#8220;4.9.2&#8243; _module_preset=&#8220;default&#8220;][et_pb_column type=&#8220;1_2&#8243; _builder_version=&#8220;4.9.2&#8243; _module_preset=&#8220;default&#8220;][et_pb_text _builder_version=&#8220;4.9.2&#8243; _module_preset=&#8220;default&#8220; header_2_text_align=&#8220;left&#8220; header_2_font_size=&#8220;57px&#8220; locked=&#8220;off&#8220;]<\/p>\n<h2 style=\"text-align: right;\">Alles beginnt mit dem richtigen Stoff.<\/h2>\n<p style=\"text-align: right;\">Die verschiedensten und exotischten Stoffe sind meine gro\u00dfe Leidenschaft. Ich sammle alte, teils nicht mehr erh\u00e4ltliche Stoffe f\u00fcr meine H\u00fcte und nehme jede H\u00fcrde in Kauf um das passende Material f\u00fcr meine Kunden zu finden.<\/p>\n<p>[\/et_pb_text][et_pb_number_counter title=&#8220;Materialien zur Auswahl&#8220; number=&#8220;200&#8243; percent_sign=&#8220;off&#8220; _builder_version=&#8220;4.9.2&#8243; _module_preset=&#8220;default&#8220; locked=&#8220;off&#8220;][\/et_pb_number_counter][\/et_pb_column][et_pb_column type=&#8220;1_2&#8243; _builder_version=&#8220;4.9.2&#8243; _module_preset=&#8220;default&#8220;][et_pb_image src=&#8220;http:\/\/truehats.at\/wp-content\/uploads\/2022\/12\/IMG_20221001_150026-01-scaled.jpeg&#8220; title_text=&#8220;IMG_20221001_150026-01&#8243; _builder_version=&#8220;4.9.2&#8243; _module_preset=&#8220;default&#8220;][\/et_pb_image][\/et_pb_column][\/et_pb_row][et_pb_row _builder_version=&#8220;4.9.2&#8243; _module_preset=&#8220;default&#8220;][et_pb_column type=&#8220;4_4&#8243; _builder_version=&#8220;4.9.2&#8243; _module_preset=&#8220;default&#8220;][et_pb_text _builder_version=&#8220;4.9.2&#8243; _module_preset=&#8220;default&#8220; header_2_text_align=&#8220;center&#8220; header_2_font_size=&#8220;57px&#8220;]<\/p>\n<h2>Neugierig geworden? Ich nehm dich mit auf eine Tour:<\/h2>\n<p>[\/et_pb_text][et_pb_video src=&#8220;https:\/\/youtu.be\/CcC4bDybY-8&#8243; _builder_version=&#8220;4.9.2&#8243; _module_preset=&#8220;default&#8220;][\/et_pb_video][\/et_pb_column][\/et_pb_row][\/et_pb_section]<\/p>\n","protected":false},"excerpt":{"rendered":"<p>Meine Arbeit Willkommen in meiner WerkstattJedem Topf seinen Deckel. Jedem Hut seine Form. &nbsp; F\u00fcr meine H\u00fcte werden ausschlie\u00dflich historische Holzformen verwendet, die das Handwerk auch widerspiegeln.Alles beginnt mit dem richtigen Stoff. Die verschiedensten und exotischten Stoffe sind meine gro\u00dfe Leidenschaft. Ich sammle alte, teils nicht mehr erh\u00e4ltliche Stoffe f\u00fcr meine H\u00fcte und nehme jede [&hellip;]<\/p>\n","protected":false},"author":1,"featured_media":0,"parent":0,"menu_order":0,"comment_status":"closed","ping_status":"closed","template":"","meta":{"_et_pb_use_builder":"on","_et_pb_old_content":"","_et_gb_content_width":"","footnotes":""},"class_list":["post-38","page","type-page","status-publish","hentry"],"yoast_head":"<!-- This site is optimized with the Yoast SEO plugin v23.0 - https:\/\/yoast.com\/wordpress\/plugins\/seo\/ -->\n<title>ARBEIT - True Hats Millinery<\/title>\n<meta name=\"robots\" content=\"index, follow, max-snippet:-1, max-image-preview:large, max-video-preview:-1\" \/>\n<link rel=\"canonical\" href=\"https:\/\/truehats.at\/?page_id=38\" \/>\n<meta property=\"og:locale\" content=\"de_DE\" \/>\n<meta property=\"og:type\" content=\"article\" \/>\n<meta property=\"og:title\" content=\"ARBEIT - True Hats Millinery\" \/>\n<meta property=\"og:description\" content=\"Meine Arbeit Willkommen in meiner WerkstattJedem Topf seinen Deckel. Jedem Hut seine Form. &nbsp; F\u00fcr meine H\u00fcte werden ausschlie\u00dflich historische Holzformen verwendet, die das Handwerk auch widerspiegeln.Alles beginnt mit dem richtigen Stoff. Die verschiedensten und exotischten Stoffe sind meine gro\u00dfe Leidenschaft. Ich sammle alte, teils nicht mehr erh\u00e4ltliche Stoffe f\u00fcr meine H\u00fcte und nehme jede [&hellip;]\" \/>\n<meta property=\"og:url\" content=\"https:\/\/truehats.at\/?page_id=38\" \/>\n<meta property=\"og:site_name\" content=\"True Hats Millinery\" \/>\n<meta property=\"article:modified_time\" content=\"2023-01-12T15:17:14+00:00\" \/>\n<meta name=\"twitter:card\" content=\"summary_large_image\" \/>\n<meta name=\"twitter:label1\" content=\"Gesch\u00e4tzte Lesezeit\" \/>\n\t<meta name=\"twitter:data1\" content=\"2\u00a0Minuten\" \/>\n<script type=\"application\/ld+json\" class=\"yoast-schema-graph\">{\"@context\":\"https:\/\/schema.org\",\"@graph\":[{\"@type\":\"WebPage\",\"@id\":\"https:\/\/truehats.at\/?page_id=38\",\"url\":\"https:\/\/truehats.at\/?page_id=38\",\"name\":\"ARBEIT - True Hats Millinery\",\"isPartOf\":{\"@id\":\"https:\/\/truehats.at\/#website\"},\"datePublished\":\"2021-09-08T09:07:45+00:00\",\"dateModified\":\"2023-01-12T15:17:14+00:00\",\"breadcrumb\":{\"@id\":\"https:\/\/truehats.at\/?page_id=38#breadcrumb\"},\"inLanguage\":\"de\",\"potentialAction\":[{\"@type\":\"ReadAction\",\"target\":[\"https:\/\/truehats.at\/?page_id=38\"]}]},{\"@type\":\"BreadcrumbList\",\"@id\":\"https:\/\/truehats.at\/?page_id=38#breadcrumb\",\"itemListElement\":[{\"@type\":\"ListItem\",\"position\":1,\"name\":\"Home\",\"item\":\"https:\/\/truehats.at\/\"},{\"@type\":\"ListItem\",\"position\":2,\"name\":\"ARBEIT\"}]},{\"@type\":\"WebSite\",\"@id\":\"https:\/\/truehats.at\/#website\",\"url\":\"https:\/\/truehats.at\/\",\"name\":\"True Hats Millinery\",\"description\":\"Huthandwerk\",\"potentialAction\":[{\"@type\":\"SearchAction\",\"target\":{\"@type\":\"EntryPoint\",\"urlTemplate\":\"https:\/\/truehats.at\/?s={search_term_string}\"},\"query-input\":\"required name=search_term_string\"}],\"inLanguage\":\"de\"}]}<\/script>\n<!-- \/ Yoast SEO plugin. -->","yoast_head_json":{"title":"ARBEIT - True Hats Millinery","robots":{"index":"index","follow":"follow","max-snippet":"max-snippet:-1","max-image-preview":"max-image-preview:large","max-video-preview":"max-video-preview:-1"},"canonical":"https:\/\/truehats.at\/?page_id=38","og_locale":"de_DE","og_type":"article","og_title":"ARBEIT - True Hats Millinery","og_description":"Meine Arbeit Willkommen in meiner WerkstattJedem Topf seinen Deckel. Jedem Hut seine Form. &nbsp; F\u00fcr meine H\u00fcte werden ausschlie\u00dflich historische Holzformen verwendet, die das Handwerk auch widerspiegeln.Alles beginnt mit dem richtigen Stoff. Die verschiedensten und exotischten Stoffe sind meine gro\u00dfe Leidenschaft. Ich sammle alte, teils nicht mehr erh\u00e4ltliche Stoffe f\u00fcr meine H\u00fcte und nehme jede [&hellip;]","og_url":"https:\/\/truehats.at\/?page_id=38","og_site_name":"True Hats Millinery","article_modified_time":"2023-01-12T15:17:14+00:00","twitter_card":"summary_large_image","twitter_misc":{"Gesch\u00e4tzte Lesezeit":"2\u00a0Minuten"},"schema":{"@context":"https:\/\/schema.org","@graph":[{"@type":"WebPage","@id":"https:\/\/truehats.at\/?page_id=38","url":"https:\/\/truehats.at\/?page_id=38","name":"ARBEIT - True Hats Millinery","isPartOf":{"@id":"https:\/\/truehats.at\/#website"},"datePublished":"2021-09-08T09:07:45+00:00","dateModified":"2023-01-12T15:17:14+00:00","breadcrumb":{"@id":"https:\/\/truehats.at\/?page_id=38#breadcrumb"},"inLanguage":"de","potentialAction":[{"@type":"ReadAction","target":["https:\/\/truehats.at\/?page_id=38"]}]},{"@type":"BreadcrumbList","@id":"https:\/\/truehats.at\/?page_id=38#breadcrumb","itemListElement":[{"@type":"ListItem","position":1,"name":"Home","item":"https:\/\/truehats.at\/"},{"@type":"ListItem","position":2,"name":"ARBEIT"}]},{"@type":"WebSite","@id":"https:\/\/truehats.at\/#website","url":"https:\/\/truehats.at\/","name":"True Hats Millinery","description":"Huthandwerk","potentialAction":[{"@type":"SearchAction","target":{"@type":"EntryPoint","urlTemplate":"https:\/\/truehats.at\/?s={search_term_string}"},"query-input":"required name=search_term_string"}],"inLanguage":"de"}]}},"_links":{"self":[{"href":"https:\/\/truehats.at\/index.php?rest_route=\/wp\/v2\/pages\/38","targetHints":{"allow":["GET"]}}],"collection":[{"href":"https:\/\/truehats.at\/index.php?rest_route=\/wp\/v2\/pages"}],"about":[{"href":"https:\/\/truehats.at\/index.php?rest_route=\/wp\/v2\/types\/page"}],"author":[{"embeddable":true,"href":"https:\/\/truehats.at\/index.php?rest_route=\/wp\/v2\/users\/1"}],"replies":[{"embeddable":true,"href":"https:\/\/truehats.at\/index.php?rest_route=%2Fwp%2Fv2%2Fcomments&post=38"}],"version-history":[{"count":10,"href":"https:\/\/truehats.at\/index.php?rest_route=\/wp\/v2\/pages\/38\/revisions"}],"predecessor-version":[{"id":260,"href":"https:\/\/truehats.at\/index.php?rest_route=\/wp\/v2\/pages\/38\/revisions\/260"}],"wp:attachment":[{"href":"https:\/\/truehats.at\/index.php?rest_route=%2Fwp%2Fv2%2Fmedia&parent=38"}],"curies":[{"name":"wp","href":"https:\/\/api.w.org\/{rel}","templated":true}]}}