{"id":25,"date":"2021-08-23T12:13:39","date_gmt":"2021-08-23T12:13:39","guid":{"rendered":"http:\/\/truehats.at\/?page_id=25"},"modified":"2024-07-17T03:40:13","modified_gmt":"2024-07-17T03:40:13","slug":"home","status":"publish","type":"page","link":"https:\/\/truehats.at\/","title":{"rendered":"HOME"},"content":{"rendered":"<p>[et_pb_section fb_built=&#8220;1&#8243; inner_shadow=&#8220;on&#8220; _builder_version=&#8220;4.16&#8243; _module_preset=&#8220;default&#8220; background_image=&#8220;http:\/\/truehats.at\/wp-content\/uploads\/2021\/08\/Hut_header-scaled.jpg&#8220; parallax=&#8220;on&#8220; min_height=&#8220;602px&#8220; global_colors_info=&#8220;{}&#8220;][\/et_pb_section][et_pb_section fb_built=&#8220;1&#8243; _builder_version=&#8220;4.16&#8243; _module_preset=&#8220;default&#8220; global_colors_info=&#8220;{}&#8220;][et_pb_row column_structure=&#8220;1_3,1_3,1_3&#8243; _builder_version=&#8220;4.16&#8243; _module_preset=&#8220;default&#8220; width=&#8220;100%&#8220; module_alignment=&#8220;center&#8220; global_colors_info=&#8220;{}&#8220;][et_pb_column type=&#8220;1_3&#8243; disabled_on=&#8220;on|on|off&#8220; _builder_version=&#8220;4.16&#8243; _module_preset=&#8220;default&#8220; global_colors_info=&#8220;{}&#8220;][et_pb_image src=&#8220;http:\/\/truehats.at\/wp-content\/uploads\/2021\/09\/image-2.jpg&#8220; title_text=&#8220;image-2&#8243; url=&#8220;@ET-DC@eyJkeW5hbWljIjp0cnVlLCJjb250ZW50IjoicG9zdF9saW5rX3VybF9wYWdlIiwic2V0dGluZ3MiOnsicG9zdF9pZCI6IjI5NyJ9fQ==@&#8220; disabled_on=&#8220;on|on|off&#8220; _builder_version=&#8220;4.19.5&#8243; _dynamic_attributes=&#8220;url&#8220; _module_preset=&#8220;default&#8220; global_colors_info=&#8220;{}&#8220;][\/et_pb_image][\/et_pb_column][et_pb_column type=&#8220;1_3&#8243; _builder_version=&#8220;4.16&#8243; _module_preset=&#8220;default&#8220; background_color=&#8220;rgba(0,0,0,0.38)&#8220; transform_translate=&#8220;0px|-300px&#8220; transform_translate_linked=&#8220;off&#8220; global_colors_info=&#8220;{}&#8220;][et_pb_text _builder_version=&#8220;4.16&#8243; _module_preset=&#8220;default&#8220; text_text_color=&#8220;#FFFFFF&#8220; header_font=&#8220;|||||on|||&#8220; header_text_color=&#8220;#FFFFFF&#8220; header_font_size=&#8220;47px&#8220; header_2_text_color=&#8220;#FFFFFF&#8220; background_color=&#8220;RGBA(0,0,0,0)&#8220; custom_padding=&#8220;10px|10px|10px|10px|false|false&#8220; global_colors_info=&#8220;{}&#8220;]<\/p>\n<h1 style=\"text-align: center;\">HutDesign<\/h1>\n<h2 style=\"text-align: center;\">TrueHats Millinery<br \/><span style=\"font-size: medium;\">by Katharina Tr\u00fcbswasser<\/span><\/h2>\n<p style=\"text-align: center;\">TRUE HATS MILLINERY steht f\u00fcr Handarbeit, aufw\u00e4ndige handgefertigte Verzierungen mit Seidenb\u00e4nder, Federn und Blumen. Sie d\u00fcrfen einzigartige, zeitlose und modische St\u00fccke erwarten.<\/p>\n<p style=\"text-align: center;\">Ich bin Katharina Tr\u00fcbswasser, Modellmodistin und Hutliebhaberin.<\/p>\n<p style=\"text-align: center;\">Jeder kann mit Hut gut aussehen &#8211; mit einem Hut, der Ihre Pers\u00f6nlichkeit unterstreicht\u00a0und zu Ihrem Gesicht passt. Ein Hut sollte elegant, vertr\u00e4umt, flie\u00dfend, einzigartig sein\u00a0und den eigenen Stil unterstreichen.Er l\u00e4\u00dft einen immer in besonderer\u00a0Sch\u00f6nheit erstrahlen.<\/p>\n<p style=\"text-align: center;\">Ein Hut ist ein Statement.<\/p>\n<p style=\"text-align: center;\"><em>Hutdesign aus \u00d6sterreich | True hats millinery<\/em><\/p>\n<p>[\/et_pb_text][et_pb_button button_url=&#8220;@ET-DC@eyJkeW5hbWljIjp0cnVlLCJjb250ZW50IjoicG9zdF9saW5rX3VybF9wYWdlIiwic2V0dGluZ3MiOnsicG9zdF9pZCI6IjM3In19@&#8220; button_text=&#8220;\u00dcber mich&#8220; _builder_version=&#8220;4.16&#8243; _dynamic_attributes=&#8220;button_url&#8220; _module_preset=&#8220;default&#8220; custom_margin=&#8220;||25px||false|false&#8220; global_colors_info=&#8220;{}&#8220;][\/et_pb_button][et_pb_image src=&#8220;http:\/\/truehats.at\/wp-content\/uploads\/2021\/09\/image.jpg&#8220; title_text=&#8220;image&#8220; url=&#8220;@ET-DC@eyJkeW5hbWljIjp0cnVlLCJjb250ZW50IjoicG9zdF9saW5rX3VybF9wYWdlIiwic2V0dGluZ3MiOnsicG9zdF9pZCI6IjI5OCJ9fQ==@&#8220; disabled_on=&#8220;off|off|on&#8220; _builder_version=&#8220;4.19.5&#8243; _dynamic_attributes=&#8220;url&#8220; _module_preset=&#8220;default&#8220; global_colors_info=&#8220;{}&#8220;][\/et_pb_image][et_pb_image src=&#8220;http:\/\/truehats.at\/wp-content\/uploads\/2021\/09\/image-2.jpg&#8220; title_text=&#8220;image-2&#8243; url=&#8220;@ET-DC@eyJkeW5hbWljIjp0cnVlLCJjb250ZW50IjoicG9zdF9saW5rX3VybF9wYWdlIiwic2V0dGluZ3MiOnsicG9zdF9pZCI6IjI5NyJ9fQ==@&#8220; disabled_on=&#8220;off|off|on&#8220; _builder_version=&#8220;4.19.5&#8243; _dynamic_attributes=&#8220;url&#8220; _module_preset=&#8220;default&#8220; global_colors_info=&#8220;{}&#8220;][\/et_pb_image][\/et_pb_column][et_pb_column type=&#8220;1_3&#8243; disabled_on=&#8220;on|on|off&#8220; _builder_version=&#8220;4.16&#8243; _module_preset=&#8220;default&#8220; global_colors_info=&#8220;{}&#8220;][et_pb_image src=&#8220;http:\/\/truehats.at\/wp-content\/uploads\/2021\/09\/image.jpg&#8220; title_text=&#8220;image&#8220; url=&#8220;@ET-DC@eyJkeW5hbWljIjp0cnVlLCJjb250ZW50IjoicG9zdF9saW5rX3VybF9wYWdlIiwic2V0dGluZ3MiOnsicG9zdF9pZCI6IjI5OCJ9fQ==@&#8220; disabled_on=&#8220;on|on|off&#8220; _builder_version=&#8220;4.19.5&#8243; _dynamic_attributes=&#8220;url&#8220; _module_preset=&#8220;default&#8220; global_colors_info=&#8220;{}&#8220;][\/et_pb_image][\/et_pb_column][\/et_pb_row][\/et_pb_section][et_pb_section fb_built=&#8220;1&#8243; _builder_version=&#8220;4.19.5&#8243; _module_preset=&#8220;default&#8220; background_image=&#8220;http:\/\/truehats.at\/wp-content\/uploads\/2023\/03\/DSC_8486-2.jpg&#8220; custom_margin=&#8220;-165px||||false|false&#8220; custom_margin_tablet=&#8220;-165px||||false|false&#8220; custom_margin_phone=&#8220;-250px||||false|false&#8220; custom_margin_last_edited=&#8220;on|phone&#8220; custom_padding=&#8220;0px||||false|false&#8220; global_colors_info=&#8220;{}&#8220;][et_pb_row column_structure=&#8220;1_2,1_2&#8243; _builder_version=&#8220;4.16&#8243; _module_preset=&#8220;default&#8220; global_colors_info=&#8220;{}&#8220;][et_pb_column type=&#8220;1_2&#8243; _builder_version=&#8220;4.16&#8243; _module_preset=&#8220;default&#8220; global_colors_info=&#8220;{}&#8220;][\/et_pb_column][et_pb_column type=&#8220;1_2&#8243; _builder_version=&#8220;4.16&#8243; _module_preset=&#8220;default&#8220; global_colors_info=&#8220;{}&#8220;][et_pb_text _builder_version=&#8220;4.16&#8243; _module_preset=&#8220;default&#8220; text_text_color=&#8220;#FFFFFF&#8220; header_2_text_color=&#8220;#FFFFFF&#8220; background_color=&#8220;rgba(30,30,30,0.61)&#8220; max_width=&#8220;70%&#8220; module_alignment=&#8220;center&#8220; custom_margin=&#8220;42px||||false|false&#8220; custom_padding=&#8220;12px|12px|12px|12px|false|false&#8220; global_colors_info=&#8220;{}&#8220;]<\/p>\n<h2 style=\"text-align: left;\">Aus der Werkstatt.<\/h2>\n<p>Eine Wand voll mit Material, zwei N\u00e4hmaschinen von Pfaff, eine speziell f\u00fcrs H\u00fcte n\u00e4hen, die zweite eine Industriemaschine ca 60 Jahre alt.<\/p>\n<p>Eine\u00a0Dampfb\u00fcgelstation,\u00a0die Hobelbank von meinem Papa, \u00fcber 100 Jahre alt, mein Formenregal, sowie unsere alten Kinderschreibtische, die mein Papa anno dazumal baute und die heute mein Arbeitstisch bilden.<\/p>\n<p>Hier entstehen meine Kreationen.<\/p>\n<p>[\/et_pb_text][et_pb_button button_url=&#8220;@ET-DC@eyJkeW5hbWljIjp0cnVlLCJjb250ZW50IjoicG9zdF9saW5rX3VybF9wYWdlIiwic2V0dGluZ3MiOnsicG9zdF9pZCI6IjM4In19@&#8220; button_text=&#8220;Meine Werkstatt&#8220; _builder_version=&#8220;4.16&#8243; _dynamic_attributes=&#8220;button_url&#8220; _module_preset=&#8220;default&#8220; button_bg_color=&#8220;rgba(145,145,145,0.68)&#8220; global_colors_info=&#8220;{}&#8220;][\/et_pb_button][\/et_pb_column][\/et_pb_row][\/et_pb_section][et_pb_section fb_built=&#8220;1&#8243; _builder_version=&#8220;4.16&#8243; _module_preset=&#8220;default&#8220; global_colors_info=&#8220;{}&#8220;][et_pb_row _builder_version=&#8220;4.16&#8243; _module_preset=&#8220;default&#8220; global_colors_info=&#8220;{}&#8220;][et_pb_column type=&#8220;4_4&#8243; _builder_version=&#8220;4.16&#8243; _module_preset=&#8220;default&#8220; global_colors_info=&#8220;{}&#8220;][et_pb_text _builder_version=&#8220;4.16&#8243; _module_preset=&#8220;default&#8220; global_colors_info=&#8220;{}&#8220;]<\/p>\n<h2>Mein Hut-Blog<\/h2>\n<p>[\/et_pb_text][et_pb_post_slider posts_number=&#8220;4&#8243; _builder_version=&#8220;4.19.5&#8243; _module_preset=&#8220;default&#8220; global_colors_info=&#8220;{}&#8220;][\/et_pb_post_slider][\/et_pb_column][\/et_pb_row][\/et_pb_section][et_pb_section fb_built=&#8220;1&#8243; _builder_version=&#8220;4.16&#8243; _module_preset=&#8220;default&#8220; background_color=&#8220;#A2C6D4&#8243; background_enable_image=&#8220;off&#8220; parallax=&#8220;on&#8220; global_colors_info=&#8220;{}&#8220;][et_pb_row _builder_version=&#8220;4.16&#8243; _module_preset=&#8220;default&#8220; background_color=&#8220;rgba(0,0,0,0.39)&#8220; global_colors_info=&#8220;{}&#8220;][et_pb_column type=&#8220;4_4&#8243; _builder_version=&#8220;4.16&#8243; _module_preset=&#8220;default&#8220; global_colors_info=&#8220;{}&#8220;][et_pb_text _builder_version=&#8220;4.16&#8243; _module_preset=&#8220;default&#8220; header_2_text_color=&#8220;#FFFFFF&#8220; header_2_font_size=&#8220;36px&#8220; global_colors_info=&#8220;{}&#8220;]<\/p>\n<h2>Neues aus meinem Shop:<\/h2>\n<p>[\/et_pb_text][et_pb_shop type=&#8220;latest&#8220; posts_number=&#8220;4&#8243; columns_number=&#8220;2&#8243; icon_hover_color=&#8220;#A2C6D4&#8243; hover_icon=&#8220;&#xe030;||divi||400&#8243; _builder_version=&#8220;4.19.5&#8243; _module_preset=&#8220;default&#8220; title_text_color=&#8220;#FFFFFF&#8220; title_font_size=&#8220;24px&#8220; price_text_color=&#8220;#A2C6D4&#8243; price_line_height=&#8220;1px&#8220; text_orientation=&#8220;center&#8220; global_colors_info=&#8220;{}&#8220;][\/et_pb_shop][et_pb_button button_url=&#8220;@ET-DC@eyJkeW5hbWljIjp0cnVlLCJjb250ZW50IjoicG9zdF9saW5rX3VybF9wYWdlIiwic2V0dGluZ3MiOnsicG9zdF9pZCI6IjQwIn19@&#8220; button_text=&#8220;Mehr H\u00fcte entdecken&#8220; _builder_version=&#8220;4.16&#8243; _dynamic_attributes=&#8220;button_url&#8220; _module_preset=&#8220;default&#8220; button_text_color=&#8220;#A2C6D4&#8243; global_colors_info=&#8220;{}&#8220;][\/et_pb_button][\/et_pb_column][\/et_pb_row][\/et_pb_section]<\/p>\n","protected":false},"excerpt":{"rendered":"<p>HutDesign TrueHats Millineryby Katharina Tr\u00fcbswasser TRUE HATS MILLINERY steht f\u00fcr Handarbeit, aufw\u00e4ndige handgefertigte Verzierungen mit Seidenb\u00e4nder, Federn und Blumen. Sie d\u00fcrfen einzigartige, zeitlose und modische St\u00fccke erwarten. Ich bin Katharina Tr\u00fcbswasser, Modellmodistin und Hutliebhaberin. Jeder kann mit Hut gut aussehen &#8211; mit einem Hut, der Ihre Pers\u00f6nlichkeit unterstreicht\u00a0und zu Ihrem Gesicht passt. Ein Hut sollte [&hellip;]<\/p>\n","protected":false},"author":1,"featured_media":0,"parent":0,"menu_order":0,"comment_status":"closed","ping_status":"closed","template":"","meta":{"_et_pb_use_builder":"on","_et_pb_old_content":"","_et_gb_content_width":"","footnotes":""},"class_list":["post-25","page","type-page","status-publish","hentry"],"yoast_head":"<!-- This site is optimized with the Yoast SEO plugin v23.0 - https:\/\/yoast.com\/wordpress\/plugins\/seo\/ -->\n<title>HOME - True Hats Millinery<\/title>\n<meta name=\"robots\" content=\"index, follow, max-snippet:-1, max-image-preview:large, max-video-preview:-1\" \/>\n<link rel=\"canonical\" href=\"https:\/\/truehats.at\/\" \/>\n<meta property=\"og:locale\" content=\"de_DE\" \/>\n<meta property=\"og:type\" content=\"article\" \/>\n<meta property=\"og:title\" content=\"HOME - True Hats Millinery\" \/>\n<meta property=\"og:description\" content=\"HutDesign TrueHats Millineryby Katharina Tr\u00fcbswasser TRUE HATS MILLINERY steht f\u00fcr Handarbeit, aufw\u00e4ndige handgefertigte Verzierungen mit Seidenb\u00e4nder, Federn und Blumen. Sie d\u00fcrfen einzigartige, zeitlose und modische St\u00fccke erwarten. Ich bin Katharina Tr\u00fcbswasser, Modellmodistin und Hutliebhaberin. Jeder kann mit Hut gut aussehen - mit einem Hut, der Ihre Pers\u00f6nlichkeit unterstreicht\u00a0und zu Ihrem Gesicht passt. Ein Hut sollte [&hellip;]\" \/>\n<meta property=\"og:url\" content=\"https:\/\/truehats.at\/\" \/>\n<meta property=\"og:site_name\" content=\"True Hats Millinery\" \/>\n<meta property=\"article:modified_time\" content=\"2024-07-17T03:40:13+00:00\" \/>\n<meta name=\"twitter:card\" content=\"summary_large_image\" \/>\n<script type=\"application\/ld+json\" class=\"yoast-schema-graph\">{\"@context\":\"https:\/\/schema.org\",\"@graph\":[{\"@type\":\"WebPage\",\"@id\":\"https:\/\/truehats.at\/\",\"url\":\"https:\/\/truehats.at\/\",\"name\":\"HOME - True Hats Millinery\",\"isPartOf\":{\"@id\":\"https:\/\/truehats.at\/#website\"},\"datePublished\":\"2021-08-23T12:13:39+00:00\",\"dateModified\":\"2024-07-17T03:40:13+00:00\",\"breadcrumb\":{\"@id\":\"https:\/\/truehats.at\/#breadcrumb\"},\"inLanguage\":\"de\",\"potentialAction\":[{\"@type\":\"ReadAction\",\"target\":[\"https:\/\/truehats.at\/\"]}]},{\"@type\":\"BreadcrumbList\",\"@id\":\"https:\/\/truehats.at\/#breadcrumb\",\"itemListElement\":[{\"@type\":\"ListItem\",\"position\":1,\"name\":\"Home\",\"item\":\"https:\/\/truehats.at\/\"},{\"@type\":\"ListItem\",\"position\":2,\"name\":\"HOME\"}]},{\"@type\":\"WebSite\",\"@id\":\"https:\/\/truehats.at\/#website\",\"url\":\"https:\/\/truehats.at\/\",\"name\":\"True Hats Millinery\",\"description\":\"Huthandwerk\",\"potentialAction\":[{\"@type\":\"SearchAction\",\"target\":{\"@type\":\"EntryPoint\",\"urlTemplate\":\"https:\/\/truehats.at\/?s={search_term_string}\"},\"query-input\":\"required name=search_term_string\"}],\"inLanguage\":\"de\"}]}<\/script>\n<!-- \/ Yoast SEO plugin. -->","yoast_head_json":{"title":"HOME - True Hats Millinery","robots":{"index":"index","follow":"follow","max-snippet":"max-snippet:-1","max-image-preview":"max-image-preview:large","max-video-preview":"max-video-preview:-1"},"canonical":"https:\/\/truehats.at\/","og_locale":"de_DE","og_type":"article","og_title":"HOME - True Hats Millinery","og_description":"HutDesign TrueHats Millineryby Katharina Tr\u00fcbswasser TRUE HATS MILLINERY steht f\u00fcr Handarbeit, aufw\u00e4ndige handgefertigte Verzierungen mit Seidenb\u00e4nder, Federn und Blumen. Sie d\u00fcrfen einzigartige, zeitlose und modische St\u00fccke erwarten. Ich bin Katharina Tr\u00fcbswasser, Modellmodistin und Hutliebhaberin. Jeder kann mit Hut gut aussehen - mit einem Hut, der Ihre Pers\u00f6nlichkeit unterstreicht\u00a0und zu Ihrem Gesicht passt. Ein Hut sollte [&hellip;]","og_url":"https:\/\/truehats.at\/","og_site_name":"True Hats Millinery","article_modified_time":"2024-07-17T03:40:13+00:00","twitter_card":"summary_large_image","schema":{"@context":"https:\/\/schema.org","@graph":[{"@type":"WebPage","@id":"https:\/\/truehats.at\/","url":"https:\/\/truehats.at\/","name":"HOME - True Hats Millinery","isPartOf":{"@id":"https:\/\/truehats.at\/#website"},"datePublished":"2021-08-23T12:13:39+00:00","dateModified":"2024-07-17T03:40:13+00:00","breadcrumb":{"@id":"https:\/\/truehats.at\/#breadcrumb"},"inLanguage":"de","potentialAction":[{"@type":"ReadAction","target":["https:\/\/truehats.at\/"]}]},{"@type":"BreadcrumbList","@id":"https:\/\/truehats.at\/#breadcrumb","itemListElement":[{"@type":"ListItem","position":1,"name":"Home","item":"https:\/\/truehats.at\/"},{"@type":"ListItem","position":2,"name":"HOME"}]},{"@type":"WebSite","@id":"https:\/\/truehats.at\/#website","url":"https:\/\/truehats.at\/","name":"True Hats Millinery","description":"Huthandwerk","potentialAction":[{"@type":"SearchAction","target":{"@type":"EntryPoint","urlTemplate":"https:\/\/truehats.at\/?s={search_term_string}"},"query-input":"required name=search_term_string"}],"inLanguage":"de"}]}},"_links":{"self":[{"href":"https:\/\/truehats.at\/index.php?rest_route=\/wp\/v2\/pages\/25","targetHints":{"allow":["GET"]}}],"collection":[{"href":"https:\/\/truehats.at\/index.php?rest_route=\/wp\/v2\/pages"}],"about":[{"href":"https:\/\/truehats.at\/index.php?rest_route=\/wp\/v2\/types\/page"}],"author":[{"embeddable":true,"href":"https:\/\/truehats.at\/index.php?rest_route=\/wp\/v2\/users\/1"}],"replies":[{"embeddable":true,"href":"https:\/\/truehats.at\/index.php?rest_route=%2Fwp%2Fv2%2Fcomments&post=25"}],"version-history":[{"count":34,"href":"https:\/\/truehats.at\/index.php?rest_route=\/wp\/v2\/pages\/25\/revisions"}],"predecessor-version":[{"id":699,"href":"https:\/\/truehats.at\/index.php?rest_route=\/wp\/v2\/pages\/25\/revisions\/699"}],"wp:attachment":[{"href":"https:\/\/truehats.at\/index.php?rest_route=%2Fwp%2Fv2%2Fmedia&parent=25"}],"curies":[{"name":"wp","href":"https:\/\/api.w.org\/{rel}","templated":true}]}}